{"id":75,"date":"2019-04-02T06:35:49","date_gmt":"2019-04-02T06:35:49","guid":{"rendered":"https:\/\/getwid.getmotopress.com\/?page_id=75"},"modified":"2023-06-29T11:57:10","modified_gmt":"2023-06-29T09:57:10","slug":"about-us","status":"publish","type":"page","link":"https:\/\/gimbu.pl\/index.php\/about-us\/","title":{"rendered":"O nas"},"content":{"rendered":"\n<div class=\"wp-block-getwid-section alignfull alignfull has-inner-blocks-gap-small\" style=\"margin-bottom:40px\"><div class=\"wp-block-getwid-section__wrapper getwid-padding-left-large getwid-padding-right-large getwid-padding-mobile-left-medium getwid-padding-mobile-right-medium\"><div class=\"wp-block-getwid-section__inner-wrapper\"><div class=\"wp-block-getwid-section__background-holder\"><div class=\"wp-block-getwid-section__background\"><\/div><div class=\"wp-block-getwid-section__foreground\"><\/div><\/div><div class=\"wp-block-getwid-section__content\"><div class=\"wp-block-getwid-section__inner-content\">\n<div class=\"wp-block-getwid-image-box has-image-right has-text-left has-mobile-layout-column has-mobile-alignment-center\"><div class=\"wp-block-getwid-image-box__image-container is-position-middle\"><div class=\"wp-block-getwid-image-box__image-wrapper\"><img decoding=\"async\" loading=\"lazy\" width=\"702\" height=\"992\" src=\"https:\/\/gimbu.pl\/wp-content\/uploads\/2023\/06\/my.png\" alt=\"\" class=\"wp-block-getwid-image-box__image wp-image-1205\" srcset=\"https:\/\/gimbu.pl\/wp-content\/uploads\/2023\/06\/my.png 702w, https:\/\/gimbu.pl\/wp-content\/uploads\/2023\/06\/my-212x300.png 212w\" sizes=\"(max-width: 702px) 100vw, 702px\" \/><\/div><\/div><div class=\"wp-block-getwid-image-box__content\">\n<div class=\"wp-block-getwid-advanced-heading has-custom-font-size\" style=\"font-size:24px;margin-bottom:5px\"><span class=\"wp-block-getwid-advanced-heading__content\" style=\"font-family:&quot;Work Sans&quot;;font-weight:200;line-height:1em;letter-spacing:0px\">Nasze podej\u015bcie <\/span><\/div>\n\n\n\n<div class=\"wp-block-getwid-advanced-heading has-custom-font-size\" style=\"font-size:33px;margin-bottom:30px\"><h3 class=\"wp-block-getwid-advanced-heading__content\" style=\"line-height:1em\">Misja i wizja<\/h3><\/div>\n\n\n\n<p>Jeste\u015bmy od ponad 20 lat jednym z najwi\u0119kszych sprzedawc\u00f3w kartrid\u017cy i toner\u00f3w do drukarek atramentowych i laserowych takich firm jak HP, Lexmark, Brother, Canon, Epson, Samsung, OKI i innych. Zapewniamy bardzo szeroki asortyment dost\u0119pny w sklepie w Koszalinie do prawie ka\u017cdej drukarki. <\/p>\n\n\n\n<p>Mamy w ofercie produkty:<\/p>\n\n\n\n<p> * oryginalne tusze i tonery &#8211; polecane przez producent\u00f3w drukarek <\/p>\n\n\n\n<p>* zamienniki kartrid\u017cy Activejet &#8211; najwy\u017csza jako\u015b\u0107, du\u017ca wydajno\u015b\u0107 po przyst\u0119pnej cenie <\/p>\n\n\n\n<p>* zamienniki tusz\u00f3w i toner\u00f3w GIMBU &#8211; sprawdzona jako\u015b\u0107 po\u0142\u0105czona z du\u017c\u0105 wydajno\u015bci\u0105 przy najni\u017cszej cenie &#8211; POLECANE przez naszych KLIENT\u00d3W. <\/p>\n\n\n\n<p>Nasze produkty charakteryzuj\u0105 si\u0119 wysok\u0105 jako\u015bci\u0105 popart\u0105 certyfikatami, nagrodami i wieloletni\u0105 gwarancj\u0105. Powi\u0119kszona wydajno\u015b\u0107 w stosunku do orygina\u0142u i cz\u0119sto wielokrotnie ni\u017csza cena pozwala wydrukowa\u0107 wszystko na co ma si\u0119 ochot\u0119, bez obawy o koszty. <\/p>\n\n\n\n<p>Na miejscu oferujemy szerok\u0105 gam\u0119 akcesori\u00f3w komputerowych, sieciowych i inne do biura, domu a tak\u017ce dla graczy.<\/p>\n\n\n\n<p>Montujemy komputery z fabrycznie nowych cz\u0119\u015bci dostosowane do potrzeb klienta i jego mo\u017cliwo\u015bci finansowych, oferujemy tak\u017ce gotowe sprz\u0119ty renomowanych firm z nawet trzyletni\u0105 gwarancj\u0105 (bez dop\u0142aty) oraz wystawiamy faktury VAT.<\/p>\n\n\n\n<p>W ofercie mamy szerok\u0105 gam\u0119 sprz\u0119tu poleasingowego w idealnym stanie &#8211; <strong>jak nowe<\/strong>. Komputery, laptopy, AiO, drukarki. Z roczn\u0105 gwarancj\u0105, z mo\u017cliwo\u015bci\u0105 przed\u0142u\u017cenia. <\/p>\n\n\n\n<p><\/p>\n\n\n\n<p>Do  polecamy najlepsze marki Yerba mate wraz z akcesoriami (matero, bombilla, yerbomos i inne), niezb\u0119dnymi do picia tego wspaniale dzia\u0142aj\u0105cego napoju.<\/p>\n\n\n\n<blockquote class=\"wp-block-quote has-text-align-left\">\n<p>Nasza wiedza, solidno\u015b\u0107, uczciwo\u015b\u0107 i podej\u015bcie do klienta pozwoli\u0142y nam utrzyma\u0107 si\u0119 na trudnym, komputerowym rynku od ponad 20 lat.<\/p>\n<cite>company CEO<\/cite><\/blockquote>\n<\/div><\/div>\n<\/div><\/div><\/div><\/div><\/div>\n\n\n\n<div class=\"wp-block-getwid-section alignfull alignfull has-inner-blocks-gap-small\" style=\"margin-bottom:40px\"><div class=\"wp-block-getwid-section__wrapper getwid-padding-left-large getwid-padding-right-large getwid-padding-mobile-left-medium getwid-padding-mobile-right-medium\"><div class=\"wp-block-getwid-section__inner-wrapper\"><div class=\"wp-block-getwid-section__background-holder\"><div class=\"wp-block-getwid-section__background\"><\/div><div class=\"wp-block-getwid-section__foreground\"><\/div><\/div><div class=\"wp-block-getwid-section__content\"><div class=\"wp-block-getwid-section__inner-content\">\n<div class=\"wp-block-getwid-advanced-heading has-custom-font-size\" style=\"font-size:33px;margin-bottom:20px\"><h3 class=\"wp-block-getwid-advanced-heading__content\" style=\"text-align:center;line-height:1em\">Nasza oferta <\/h3><\/div>\n\n\n\n<div class=\"wp-block-getwid-advanced-spacer\" style=\"height:40px\" aria-hidden=\"true\"><\/div>\n\n\n\n<figure class=\"wp-block-gallery has-nested-images columns-default is-cropped wp-block-gallery-1 is-layout-flex\">\n<figure class=\"wp-block-image size-large\"><img decoding=\"async\" loading=\"lazy\" width=\"1024\" height=\"683\" src=\"https:\/\/gimbu.pl\/wp-content\/uploads\/2023\/06\/dragontoner-1024x683.jpg\" alt=\"\" class=\"wp-image-1232\" srcset=\"https:\/\/gimbu.pl\/wp-content\/uploads\/2023\/06\/dragontoner-1024x683.jpg 1024w, https:\/\/gimbu.pl\/wp-content\/uploads\/2023\/06\/dragontoner-300x200.jpg 300w, https:\/\/gimbu.pl\/wp-content\/uploads\/2023\/06\/dragontoner-768x512.jpg 768w, https:\/\/gimbu.pl\/wp-content\/uploads\/2023\/06\/dragontoner-938x625.jpg 938w, https:\/\/gimbu.pl\/wp-content\/uploads\/2023\/06\/dragontoner-1130x753.jpg 1130w, https:\/\/gimbu.pl\/wp-content\/uploads\/2023\/06\/dragontoner.jpg 1200w\" sizes=\"(max-width: 1024px) 100vw, 1024px\" \/><figcaption class=\"wp-element-caption\">Tusze, tonery &#8211; oryginalne i zamienniki<\/figcaption><\/figure>\n\n\n\n<figure class=\"wp-block-image size-full\"><img decoding=\"async\" loading=\"lazy\" width=\"640\" height=\"640\" src=\"https:\/\/gimbu.pl\/wp-content\/uploads\/2023\/06\/radeon.jpg\" alt=\"\" class=\"wp-image-1234\" srcset=\"https:\/\/gimbu.pl\/wp-content\/uploads\/2023\/06\/radeon.jpg 640w, https:\/\/gimbu.pl\/wp-content\/uploads\/2023\/06\/radeon-300x300.jpg 300w, https:\/\/gimbu.pl\/wp-content\/uploads\/2023\/06\/radeon-150x150.jpg 150w\" sizes=\"(max-width: 640px) 100vw, 640px\" \/><figcaption class=\"wp-element-caption\">Nowy sprz\u0119t dla gracza<\/figcaption><\/figure>\n\n\n\n<figure class=\"wp-block-image size-large\"><img decoding=\"async\" loading=\"lazy\" width=\"1024\" height=\"638\" src=\"https:\/\/gimbu.pl\/wp-content\/uploads\/2023\/06\/poleasingi-1024x638.png\" alt=\"\" class=\"wp-image-1233\" srcset=\"https:\/\/gimbu.pl\/wp-content\/uploads\/2023\/06\/poleasingi-1024x638.png 1024w, https:\/\/gimbu.pl\/wp-content\/uploads\/2023\/06\/poleasingi-300x187.png 300w, https:\/\/gimbu.pl\/wp-content\/uploads\/2023\/06\/poleasingi-768x479.png 768w, https:\/\/gimbu.pl\/wp-content\/uploads\/2023\/06\/poleasingi-938x585.png 938w, https:\/\/gimbu.pl\/wp-content\/uploads\/2023\/06\/poleasingi-1130x704.png 1130w, https:\/\/gimbu.pl\/wp-content\/uploads\/2023\/06\/poleasingi.png 1346w\" sizes=\"(max-width: 1024px) 100vw, 1024px\" \/><figcaption class=\"wp-element-caption\">Sprz\u0119t poleasingowy &#8222;jak nowy&#8221;<\/figcaption><\/figure>\n\n\n\n<figure class=\"wp-block-image size-large\"><img decoding=\"async\" loading=\"lazy\" width=\"1024\" height=\"360\" src=\"https:\/\/gimbu.pl\/wp-content\/uploads\/2023\/06\/yerba-energy-1024x360.png\" alt=\"\" class=\"wp-image-1237\" srcset=\"https:\/\/gimbu.pl\/wp-content\/uploads\/2023\/06\/yerba-energy-1024x360.png 1024w, https:\/\/gimbu.pl\/wp-content\/uploads\/2023\/06\/yerba-energy-300x106.png 300w, https:\/\/gimbu.pl\/wp-content\/uploads\/2023\/06\/yerba-energy-768x270.png 768w, https:\/\/gimbu.pl\/wp-content\/uploads\/2023\/06\/yerba-energy-938x330.png 938w, https:\/\/gimbu.pl\/wp-content\/uploads\/2023\/06\/yerba-energy.png 1100w\" sizes=\"(max-width: 1024px) 100vw, 1024px\" \/><figcaption class=\"wp-element-caption\">Najwi\u0119kszy wyb\u00f3r yerba mate na Pomorzu<\/figcaption><\/figure>\n<\/figure>\n<\/div><\/div><\/div><\/div><\/div>\n\n\n\n<div class=\"wp-block-getwid-section alignfull alignfull has-inner-blocks-gap-small\"><div class=\"wp-block-getwid-section__wrapper getwid-padding-left-large getwid-padding-right-large getwid-padding-mobile-left-medium getwid-padding-mobile-right-medium\"><div class=\"wp-block-getwid-section__inner-wrapper\"><div class=\"wp-block-getwid-section__background-holder\"><div class=\"wp-block-getwid-section__background\"><\/div><div class=\"wp-block-getwid-section__foreground\"><\/div><\/div><div class=\"wp-block-getwid-section__content\"><div class=\"wp-block-getwid-section__inner-content\">\n<div class=\"wp-block-getwid-advanced-heading has-custom-font-size\" style=\"font-size:24px;margin-bottom:5px\"><span class=\"wp-block-getwid-advanced-heading__content\" style=\"text-align:center;font-family:&quot;Work Sans&quot;;font-weight:200;line-height:1em;letter-spacing:0px\">Meet the Team<\/span><\/div>\n\n\n\n<div class=\"wp-block-getwid-advanced-heading has-custom-font-size\" style=\"font-size:33px;margin-bottom:60px\"><h3 class=\"wp-block-getwid-advanced-heading__content\" style=\"text-align:center;line-height:1em\">Our Talented Minds<\/h3><\/div>\n\n\n\n<div class=\"wp-block-columns has-3-columns is-layout-flex wp-container-6\">\n<div class=\"wp-block-column is-layout-flow\">\n<div class=\"wp-block-getwid-person\"><div class=\"wp-block-getwid-person__image\"><img decoding=\"async\" loading=\"lazy\" width=\"362\" height=\"402\" src=\"https:\/\/gimbu.pl\/wp-content\/uploads\/2019\/04\/about_our_team1.jpg\" class=\"wp-image-79\" srcset=\"https:\/\/gimbu.pl\/wp-content\/uploads\/2019\/04\/about_our_team1.jpg 362w, https:\/\/gimbu.pl\/wp-content\/uploads\/2019\/04\/about_our_team1-270x300.jpg 270w\" sizes=\"(max-width: 362px) 100vw, 362px\" \/><\/div><div class=\"wp-block-getwid-person__content-wrapper\"><span class=\"wp-block-getwid-person__title\">Jane Richardson<\/span><span class=\"wp-block-getwid-person__subtitle\">Project manager<\/span><p class=\"wp-block-getwid-person__content\"> A chief technology officer and a member of the board of directors <\/p>\n<div class=\"wp-block-getwid-social-links has-large-spacing\"><ul class=\"wp-block-getwid-social-links__list getwid-justify-content-center\"><li class=\"wp-block-getwid-social-links__item\"><a class=\"wp-block-getwid-social-links__link\" href=\"https:\/\/www.facebook.com\/\"><span class=\"wp-block-getwid-social-links__wrapper has-text-color has-blue-color\"><i class=\"fab fa-facebook-f\"><\/i><\/span><\/a><\/li><li class=\"wp-block-getwid-social-links__item\"><a class=\"wp-block-getwid-social-links__link\" href=\"https:\/\/twitter.com\/\"><span class=\"wp-block-getwid-social-links__wrapper has-text-color has-blue-color\"><i class=\"fab fa-twitter\"><\/i><\/span><\/a><\/li><li class=\"wp-block-getwid-social-links__item\"><a class=\"wp-block-getwid-social-links__link\" href=\"https:\/\/www.instagram.com\/\"><span class=\"wp-block-getwid-social-links__wrapper has-text-color has-blue-color\"><i class=\"fab fa-instagram\"><\/i><\/span><\/a><\/li><li class=\"wp-block-getwid-social-links__item\"><a class=\"wp-block-getwid-social-links__link\" href=\"https:\/\/www.youtube.com\/\"><span class=\"wp-block-getwid-social-links__wrapper has-text-color has-blue-color\"><i class=\"fab fa-youtube\"><\/i><\/span><\/a><\/li><\/ul><\/div>\n<\/div><\/div>\n<\/div>\n\n\n\n<div class=\"wp-block-column is-layout-flow\">\n<div class=\"wp-block-getwid-person\"><div class=\"wp-block-getwid-person__image\"><img decoding=\"async\" loading=\"lazy\" width=\"362\" height=\"402\" src=\"https:\/\/gimbu.pl\/wp-content\/uploads\/2019\/04\/about_our_team2.jpg\" class=\"wp-image-80\" srcset=\"https:\/\/gimbu.pl\/wp-content\/uploads\/2019\/04\/about_our_team2.jpg 362w, https:\/\/gimbu.pl\/wp-content\/uploads\/2019\/04\/about_our_team2-270x300.jpg 270w\" sizes=\"(max-width: 362px) 100vw, 362px\" \/><\/div><div class=\"wp-block-getwid-person__content-wrapper\"><span class=\"wp-block-getwid-person__title\">Michael Cooper<\/span><span class=\"wp-block-getwid-person__subtitle\">Art director<\/span><p class=\"wp-block-getwid-person__content\">A creative mind behind all design projects and a creative manager<\/p>\n<div class=\"wp-block-getwid-social-links has-large-spacing\"><ul class=\"wp-block-getwid-social-links__list getwid-justify-content-center\"><li class=\"wp-block-getwid-social-links__item\"><a class=\"wp-block-getwid-social-links__link\" href=\"https:\/\/www.facebook.com\/\"><span class=\"wp-block-getwid-social-links__wrapper has-text-color has-blue-color\"><i class=\"fab fa-facebook-f\"><\/i><\/span><\/a><\/li><li class=\"wp-block-getwid-social-links__item\"><a class=\"wp-block-getwid-social-links__link\" href=\"https:\/\/twitter.com\/\"><span class=\"wp-block-getwid-social-links__wrapper has-text-color has-blue-color\"><i class=\"fab fa-twitter\"><\/i><\/span><\/a><\/li><li class=\"wp-block-getwid-social-links__item\"><a class=\"wp-block-getwid-social-links__link\" href=\"https:\/\/www.instagram.com\/\"><span class=\"wp-block-getwid-social-links__wrapper has-text-color has-blue-color\"><i class=\"fab fa-instagram\"><\/i><\/span><\/a><\/li><li class=\"wp-block-getwid-social-links__item\"><a class=\"wp-block-getwid-social-links__link\" href=\"https:\/\/www.youtube.com\/\"><span class=\"wp-block-getwid-social-links__wrapper has-text-color has-blue-color\"><i class=\"fab fa-youtube\"><\/i><\/span><\/a><\/li><\/ul><\/div>\n<\/div><\/div>\n<\/div>\n\n\n\n<div class=\"wp-block-column is-layout-flow\">\n<div class=\"wp-block-getwid-person\"><div class=\"wp-block-getwid-person__image\"><img decoding=\"async\" loading=\"lazy\" width=\"362\" height=\"402\" src=\"https:\/\/gimbu.pl\/wp-content\/uploads\/2019\/04\/about_our_team3.jpg\" class=\"wp-image-81\" srcset=\"https:\/\/gimbu.pl\/wp-content\/uploads\/2019\/04\/about_our_team3.jpg 362w, https:\/\/gimbu.pl\/wp-content\/uploads\/2019\/04\/about_our_team3-270x300.jpg 270w\" sizes=\"(max-width: 362px) 100vw, 362px\" \/><\/div><div class=\"wp-block-getwid-person__content-wrapper\"><span class=\"wp-block-getwid-person__title\">Marie Turner<\/span><span class=\"wp-block-getwid-person__subtitle\">Technical architect<\/span><p class=\"wp-block-getwid-person__content\">An energetic software developer and the logic mind behind the code<\/p>\n<div class=\"wp-block-getwid-social-links has-large-spacing\"><ul class=\"wp-block-getwid-social-links__list getwid-justify-content-center\"><li class=\"wp-block-getwid-social-links__item\"><a class=\"wp-block-getwid-social-links__link\" href=\"https:\/\/www.facebook.com\/\"><span class=\"wp-block-getwid-social-links__wrapper has-text-color has-blue-color\"><i class=\"fab fa-facebook-f\"><\/i><\/span><\/a><\/li><li class=\"wp-block-getwid-social-links__item\"><a class=\"wp-block-getwid-social-links__link\" href=\"https:\/\/twitter.com\/\"><span class=\"wp-block-getwid-social-links__wrapper has-text-color has-blue-color\"><i class=\"fab fa-twitter\"><\/i><\/span><\/a><\/li><li class=\"wp-block-getwid-social-links__item\"><a class=\"wp-block-getwid-social-links__link\" href=\"https:\/\/www.instagram.com\/\"><span class=\"wp-block-getwid-social-links__wrapper has-text-color has-blue-color\"><i class=\"fab fa-instagram\"><\/i><\/span><\/a><\/li><li class=\"wp-block-getwid-social-links__item\"><a class=\"wp-block-getwid-social-links__link\" href=\"https:\/\/www.youtube.com\/\"><span class=\"wp-block-getwid-social-links__wrapper has-text-color has-blue-color\"><i class=\"fab fa-youtube\"><\/i><\/span><\/a><\/li><\/ul><\/div>\n<\/div><\/div>\n<\/div>\n<\/div>\n<\/div><\/div><\/div><\/div><\/div>\n\n\n\n<div class=\"wp-block-getwid-section alignfull alignfull has-inner-blocks-gap-small\"><div class=\"wp-block-getwid-section__wrapper getwid-padding-bottom-none getwid-padding-left-large getwid-padding-right-large getwid-padding-mobile-left-medium getwid-padding-mobile-right-medium\" style=\"padding-top:40px\"><div class=\"wp-block-getwid-section__inner-wrapper\"><div class=\"wp-block-getwid-section__background-holder\"><div class=\"wp-block-getwid-section__background\"><\/div><div class=\"wp-block-getwid-section__foreground\"><\/div><\/div><div class=\"wp-block-getwid-section__content\"><div class=\"wp-block-getwid-section__inner-content\">\n<hr class=\"wp-block-separator has-css-opacity is-style-dots\"\/>\n<\/div><\/div><\/div><\/div><\/div>\n","protected":false},"excerpt":{"rendered":"","protected":false},"author":1,"featured_media":0,"parent":0,"menu_order":0,"comment_status":"closed","ping_status":"closed","template":"","meta":{"_monsterinsights_skip_tracking":false,"_monsterinsights_sitenote_active":false,"_monsterinsights_sitenote_note":"","_monsterinsights_sitenote_category":0},"aioseo_notices":[],"_links":{"self":[{"href":"https:\/\/gimbu.pl\/index.php\/wp-json\/wp\/v2\/pages\/75"}],"collection":[{"href":"https:\/\/gimbu.pl\/index.php\/wp-json\/wp\/v2\/pages"}],"about":[{"href":"https:\/\/gimbu.pl\/index.php\/wp-json\/wp\/v2\/types\/page"}],"author":[{"embeddable":true,"href":"https:\/\/gimbu.pl\/index.php\/wp-json\/wp\/v2\/users\/1"}],"replies":[{"embeddable":true,"href":"https:\/\/gimbu.pl\/index.php\/wp-json\/wp\/v2\/comments?post=75"}],"version-history":[{"count":8,"href":"https:\/\/gimbu.pl\/index.php\/wp-json\/wp\/v2\/pages\/75\/revisions"}],"predecessor-version":[{"id":1242,"href":"https:\/\/gimbu.pl\/index.php\/wp-json\/wp\/v2\/pages\/75\/revisions\/1242"}],"wp:attachment":[{"href":"https:\/\/gimbu.pl\/index.php\/wp-json\/wp\/v2\/media?parent=75"}],"curies":[{"name":"wp","href":"https:\/\/api.w.org\/{rel}","templated":true}]}}